{"id":2,"date":"2024-12-02T11:51:55","date_gmt":"2024-12-02T11:51:55","guid":{"rendered":"https:\/\/gregoryespi.fr\/?page_id=2"},"modified":"2024-12-04T10:06:06","modified_gmt":"2024-12-04T10:06:06","slug":"sample-page","status":"publish","type":"page","link":"https:\/\/gregoryespi.fr\/","title":{"rendered":"Plus de trafic, plus de contacts, plus de r\u00e9sultats"},"content":{"rendered":"\n<p>Nous g\u00e9rons la pr\u00e9sence en ligne des TPE \/ PME qui veulent g\u00e9n\u00e9rer des contacts sans perdre de temps gr\u00e2ce \u00e0 l\u2019augmentation du trafic de leur site Internet et r\u00e9seaux sociaux.<\/p>\n","protected":false},"excerpt":{"rendered":"<p>Nous g\u00e9rons la pr\u00e9sence en ligne des TPE \/ PME qui veulent g\u00e9n\u00e9rer des contacts sans perdre de temps gr\u00e2ce \u00e0 l\u2019augmentation du trafic de leur site Internet et r\u00e9seaux sociaux.<\/p>\n","protected":false},"author":1,"featured_media":0,"parent":0,"menu_order":0,"comment_status":"closed","ping_status":"closed","template":"","meta":{"footnotes":""},"class_list":["post-2","page","type-page","status-publish","hentry"],"yoast_head":"<!-- This site is optimized with the Yoast SEO plugin v27.4 - https:\/\/yoast.com\/product\/yoast-seo-wordpress\/ -->\n<title>Plus de trafic, plus de contacts, plus de r\u00e9sultats - Gr\u00e9gory Espi - SEO Bretagne<\/title>\n<meta name=\"robots\" content=\"index, follow, max-snippet:-1, max-image-preview:large, max-video-preview:-1\" \/>\n<link rel=\"canonical\" href=\"https:\/\/gregoryespi.fr\/\" \/>\n<meta property=\"og:locale\" content=\"fr_FR\" \/>\n<meta property=\"og:type\" content=\"article\" \/>\n<meta property=\"og:title\" content=\"Plus de trafic, plus de contacts, plus de r\u00e9sultats - Gr\u00e9gory Espi - SEO Bretagne\" \/>\n<meta property=\"og:description\" content=\"Nous g\u00e9rons la pr\u00e9sence en ligne des TPE \/ PME qui veulent g\u00e9n\u00e9rer des contacts sans perdre de temps gr\u00e2ce \u00e0 l\u2019augmentation du trafic de leur site Internet et r\u00e9seaux sociaux.\" \/>\n<meta property=\"og:url\" content=\"https:\/\/gregoryespi.fr\/\" \/>\n<meta property=\"og:site_name\" content=\"Gr\u00e9gory Espi - SEO Bretagne\" \/>\n<meta property=\"article:modified_time\" content=\"2024-12-04T10:06:06+00:00\" \/>\n<script type=\"application\/ld+json\" class=\"yoast-schema-graph\">{\"@context\":\"https:\\\/\\\/schema.org\",\"@graph\":[{\"@type\":\"WebPage\",\"@id\":\"https:\\\/\\\/gregoryespi.fr\\\/\",\"url\":\"https:\\\/\\\/gregoryespi.fr\\\/\",\"name\":\"Plus de trafic, plus de contacts, plus de r\u00e9sultats - Gr\u00e9gory Espi - SEO Bretagne\",\"isPartOf\":{\"@id\":\"https:\\\/\\\/gregoryespi.fr\\\/#website\"},\"datePublished\":\"2024-12-02T11:51:55+00:00\",\"dateModified\":\"2024-12-04T10:06:06+00:00\",\"breadcrumb\":{\"@id\":\"https:\\\/\\\/gregoryespi.fr\\\/#breadcrumb\"},\"inLanguage\":\"fr-FR\",\"potentialAction\":[{\"@type\":\"ReadAction\",\"target\":[\"https:\\\/\\\/gregoryespi.fr\\\/\"]}]},{\"@type\":\"BreadcrumbList\",\"@id\":\"https:\\\/\\\/gregoryespi.fr\\\/#breadcrumb\",\"itemListElement\":[{\"@type\":\"ListItem\",\"position\":1,\"name\":\"Accueil\",\"item\":\"https:\\\/\\\/gregoryespi.fr\\\/\"},{\"@type\":\"ListItem\",\"position\":2,\"name\":\"Plus de trafic, plus de contacts, plus de r\u00e9sultats\"}]},{\"@type\":\"WebSite\",\"@id\":\"https:\\\/\\\/gregoryespi.fr\\\/#website\",\"url\":\"https:\\\/\\\/gregoryespi.fr\\\/\",\"name\":\"Gr\u00e9gory Espi - SEO Bretagne\",\"description\":\"Contactez-moi d\u00e8s aujourd\u2019hui\",\"potentialAction\":[{\"@type\":\"SearchAction\",\"target\":{\"@type\":\"EntryPoint\",\"urlTemplate\":\"https:\\\/\\\/gregoryespi.fr\\\/?s={search_term_string}\"},\"query-input\":{\"@type\":\"PropertyValueSpecification\",\"valueRequired\":true,\"valueName\":\"search_term_string\"}}],\"inLanguage\":\"fr-FR\"}]}<\/script>\n<!-- \/ Yoast SEO plugin. -->","yoast_head_json":{"title":"Plus de trafic, plus de contacts, plus de r\u00e9sultats - Gr\u00e9gory Espi - SEO Bretagne","robots":{"index":"index","follow":"follow","max-snippet":"max-snippet:-1","max-image-preview":"max-image-preview:large","max-video-preview":"max-video-preview:-1"},"canonical":"https:\/\/gregoryespi.fr\/","og_locale":"fr_FR","og_type":"article","og_title":"Plus de trafic, plus de contacts, plus de r\u00e9sultats - Gr\u00e9gory Espi - SEO Bretagne","og_description":"Nous g\u00e9rons la pr\u00e9sence en ligne des TPE \/ PME qui veulent g\u00e9n\u00e9rer des contacts sans perdre de temps gr\u00e2ce \u00e0 l\u2019augmentation du trafic de leur site Internet et r\u00e9seaux sociaux.","og_url":"https:\/\/gregoryespi.fr\/","og_site_name":"Gr\u00e9gory Espi - SEO Bretagne","article_modified_time":"2024-12-04T10:06:06+00:00","schema":{"@context":"https:\/\/schema.org","@graph":[{"@type":"WebPage","@id":"https:\/\/gregoryespi.fr\/","url":"https:\/\/gregoryespi.fr\/","name":"Plus de trafic, plus de contacts, plus de r\u00e9sultats - Gr\u00e9gory Espi - SEO Bretagne","isPartOf":{"@id":"https:\/\/gregoryespi.fr\/#website"},"datePublished":"2024-12-02T11:51:55+00:00","dateModified":"2024-12-04T10:06:06+00:00","breadcrumb":{"@id":"https:\/\/gregoryespi.fr\/#breadcrumb"},"inLanguage":"fr-FR","potentialAction":[{"@type":"ReadAction","target":["https:\/\/gregoryespi.fr\/"]}]},{"@type":"BreadcrumbList","@id":"https:\/\/gregoryespi.fr\/#breadcrumb","itemListElement":[{"@type":"ListItem","position":1,"name":"Accueil","item":"https:\/\/gregoryespi.fr\/"},{"@type":"ListItem","position":2,"name":"Plus de trafic, plus de contacts, plus de r\u00e9sultats"}]},{"@type":"WebSite","@id":"https:\/\/gregoryespi.fr\/#website","url":"https:\/\/gregoryespi.fr\/","name":"Gr\u00e9gory Espi - SEO Bretagne","description":"Contactez-moi d\u00e8s aujourd\u2019hui","potentialAction":[{"@type":"SearchAction","target":{"@type":"EntryPoint","urlTemplate":"https:\/\/gregoryespi.fr\/?s={search_term_string}"},"query-input":{"@type":"PropertyValueSpecification","valueRequired":true,"valueName":"search_term_string"}}],"inLanguage":"fr-FR"}]}},"_links":{"self":[{"href":"https:\/\/gregoryespi.fr\/index.php\/wp-json\/wp\/v2\/pages\/2","targetHints":{"allow":["GET"]}}],"collection":[{"href":"https:\/\/gregoryespi.fr\/index.php\/wp-json\/wp\/v2\/pages"}],"about":[{"href":"https:\/\/gregoryespi.fr\/index.php\/wp-json\/wp\/v2\/types\/page"}],"author":[{"embeddable":true,"href":"https:\/\/gregoryespi.fr\/index.php\/wp-json\/wp\/v2\/users\/1"}],"replies":[{"embeddable":true,"href":"https:\/\/gregoryespi.fr\/index.php\/wp-json\/wp\/v2\/comments?post=2"}],"version-history":[{"count":8,"href":"https:\/\/gregoryespi.fr\/index.php\/wp-json\/wp\/v2\/pages\/2\/revisions"}],"predecessor-version":[{"id":25,"href":"https:\/\/gregoryespi.fr\/index.php\/wp-json\/wp\/v2\/pages\/2\/revisions\/25"}],"wp:attachment":[{"href":"https:\/\/gregoryespi.fr\/index.php\/wp-json\/wp\/v2\/media?parent=2"}],"curies":[{"name":"wp","href":"https:\/\/api.w.org\/{rel}","templated":true}]}}